{"id":9,"date":"2015-04-26T10:59:25","date_gmt":"2015-04-26T10:59:25","guid":{"rendered":"http:\/\/themes.whiteboxstud.io\/tilt-demo\/?page_id=9"},"modified":"2026-01-19T15:13:19","modified_gmt":"2026-01-19T15:13:19","slug":"qui-suis-je","status":"publish","type":"page","link":"https:\/\/trades.fr\/es\/qui-suis-je\/","title":{"rendered":"Qui suis-je ?"},"content":{"rendered":"<p>[vc_row top=&#8221;460px&#8221; bottom=&#8221;140px&#8221; textalign=&#8221;center&#8221; bg_type=&#8221;image&#8221; parallax_bg=&#8221;parallax-bg&#8221; scale_bg=&#8221;scale-bg&#8221; bg_cover=&#8221;cover&#8221; bg_repeat=&#8221;no-repeat&#8221; bg_position=&#8221;Center center&#8221; bg_attachment=&#8221;fixed&#8221; slope_bottom=&#8221;slope-bottom&#8221; slope_bottom_height=&#8221;10px&#8221; bg_image=&#8221;5788&#8243; row_seperator=&#8221;no-seperator&#8221; font_color=&#8221;#ffffff&#8221; bg_color=&#8221;rgba(6,5,18,0.65)&#8221; slope_bottom_color=&#8221;#de324d&#8221; overlay_color=&#8221;rgba(6,5,18,0.65)&#8221;][vc_column][\/vc_column][\/vc_row][vc_row top=&#8221;32px&#8221; bottom=&#8221;32px&#8221; textalign=&#8221;center&#8221; overlay_pattern=&#8221;diagonal_left_w&#8221; row_seperator=&#8221;no-seperator&#8221; font_color=&#8221;#ffffff&#8221; bg_color=&#8221;#de324d&#8221;][vc_column][vc_heading title=&#8221;\u00bfQui\u00e9n soy?&#8221; title_color=&#8221;#ffffff&#8221; subtitle=&#8221;Traductor jurado franc\u00e9s \u2013 espa\u00f1ol \u2013 ingl\u00e9s&#8221; subtitle_color=&#8221;#ffffff&#8221; divider=&#8221;div-between&#8221; divider_type=&#8221;tilt&#8221; divider_color=&#8221;#ffffff&#8221; css_animation=&#8221;bottom-to-top&#8221;][\/vc_column][\/vc_row][vc_row top=&#8221;40px&#8221; bottom=&#8221;0px&#8221; row_seperator=&#8221;no-seperator&#8221; font_color=&#8221;#696969&#8243;][vc_column width=&#8221;1\/3&#8243;][vc_empty_space height=&#8221;70px&#8221;][vc_magic_image image=&#8221;6489&#8243; alignment=&#8221;center&#8221; shadow=&#8221;img_shadow_m&#8221; css_animation=&#8221;left-to-right&#8221; img_size=&#8221;full&#8221;][vc_empty_space height=&#8221;70px&#8221;][vc_magic_image image=&#8221;6488&#8243; alignment=&#8221;center&#8221; shadow=&#8221;img_shadow_m&#8221; css_animation=&#8221;left-to-right&#8221; img_size=&#8221;full&#8221;][vc_empty_space height=&#8221;70px&#8221;][\/vc_column][vc_column width=&#8221;2\/3&#8243;][vc_column_text]<span style=\"font-size: 14pt; color: #cf1568;\"><strong>Triple certificaci\u00f3n oficial &#8211;\u00a0 Francia y Espa\u00f1a<\/strong><\/span><\/p>\n<p data-start=\"611\" data-end=\"831\"><span style=\"font-size: 14pt; color: #000080;\">Soy <strong data-start=\"615\" data-end=\"633\">Karina RAMIREZ<\/strong>, <strong data-start=\"635\" data-end=\"667\">traductora-int\u00e9rprete jurada<\/strong>, y ejerzo como <strong data-start=\"683\" data-end=\"737\">traductora jurada franc\u00e9s\u2013espa\u00f1ol y franc\u00e9s\u2013ingl\u00e9s<\/strong>, con m\u00e1s de <strong data-start=\"750\" data-end=\"776\">10 a\u00f1os de experiencia<\/strong> en <strong data-start=\"780\" data-end=\"830\">traducci\u00f3n jur\u00eddica, administrativa y notarial<\/strong>.<\/span><\/p>\n<p data-start=\"833\" data-end=\"982\"><span style=\"font-size: 14pt; color: #000080;\">Tengo una <strong data-start=\"843\" data-end=\"874\">triple acreditaci\u00f3n oficial<\/strong>, que garantiza la <strong data-start=\"893\" data-end=\"910\">validez legal<\/strong> de mis traducciones juradas en Francia, Espa\u00f1a y a nivel internacional:<\/span><\/p>\n<p data-start=\"986\" data-end=\"1096\"><span style=\"font-size: 14pt; color: #000080;\"><strong data-start=\"986\" data-end=\"1059\"><span style=\"color: #ff0000;\">\u2022<\/span> Traductor jurado nombrado por el Tribunal de Apelaci\u00f3n de Montpellier<\/strong> (franc\u00e9s\u2013espa\u00f1ol y franc\u00e9s\u2013ingl\u00e9s).<\/span><\/p>\n<p data-start=\"1099\" data-end=\"1249\"><span style=\"font-size: 14pt; color: #000080;\"><strong data-start=\"1099\" data-end=\"1147\"><span style=\"color: #ff0000;\">\u2022<\/span> Traductor jurado inscrito en la lista CESEDA<\/strong>, habilitado para los procedimientos relacionados con <strong data-start=\"1201\" data-end=\"1247\">extranjer\u00eda, residencia y derecho de asilo.<\/strong><\/span><\/p>\n<p data-start=\"1252\" data-end=\"1402\"><span style=\"font-size: 14pt; color: #000080;\"><strong data-start=\"1252\" data-end=\"1386\"><span style=\"color: #ff0000;\">\u2022<\/span> Traductor jurado franc\u00e9s\u2013espa\u00f1ol acreditado por el Ministerio de Asuntos Exteriores, Uni\u00f3n Europea y Cooperaci\u00f3n (MAEC) de Espa\u00f1a<\/strong> \u2013 n.\u00ba <strong data-start=\"1393\" data-end=\"1402\">11434.<\/strong><\/span><\/p>\n<p>\u00a0[\/vc_column_text][vc_column_text]<span style=\"font-size: 14pt; color: #000080;\"><span style=\"font-size: 14pt; color: #cf1568;\"><strong>ESPECIALISTA EN TRADUCCI\u00d3N\u00a0JURADA Y CERTIFICADA\u00a0<\/strong><\/span><\/span><\/p>\n<p data-start=\"1465\" data-end=\"1622\"><span style=\"color: #000080; font-size: 14pt;\">Te ayudo, ya seas un <strong data-start=\"1483\" data-end=\"1549\">particular, abogado, notario, administraci\u00f3n p\u00fablica o empresa<\/strong>, con la <strong data-start=\"1558\" data-end=\"1603\">traducci\u00f3n jurada de documentos oficiales<\/strong>, como por ejemplo: <strong data-start=\"1626\" data-end=\"1647\">Registros civiles<\/strong> (certificados de nacimiento, matrimonio y defunci\u00f3n), contratos y escrituras notariales, resoluciones judiciales, expedientes de <strong data-start=\"1786\" data-end=\"1903\">nacionalidad, permisos de residencia, visados, canje de permisos de conducir y homologaci\u00f3n de t\u00edtulos acad\u00e9micos<\/strong><\/span><\/p>\n<p data-start=\"1905\" data-end=\"2033\"><span style=\"color: #000080; font-size: 14pt;\">Tambi\u00e9n propongo un <strong data-start=\"1924\" data-end=\"1961\">servicio de interpretaci\u00f3n jurada<\/strong> ante <strong data-start=\"1967\" data-end=\"2032\">tribunales, notar\u00edas, comisar\u00edas y administraciones francesas<\/strong>.<\/span><\/p>\n<p data-start=\"2040\" data-end=\"2092\"><strong data-start=\"2043\" data-end=\"2092\"><span style=\"font-size: 14pt; color: #000080;\"><span style=\"font-size: 14pt; color: #cf1568;\">UN TRADUCTOR JURADO FIABLE, \u00c1GIL Y RECONOCIDO TRADUCCI\u00d3N JURADA Y CERTIFICADA\u00a0<\/span><\/span><\/strong><\/p>\n<p data-start=\"2094\" data-end=\"2293\"><strong data-start=\"2094\" data-end=\"2129\"><span style=\"font-size: 14pt; color: #000080;\"><span style=\"color: #ff0000;\">\u2022<\/span> Precisi\u00f3n y conformidad legal<\/span><\/strong><br data-start=\"2129\" data-end=\"2132\" \/><span style=\"font-size: 14pt; color: #000080;\">Cada <strong data-start=\"2137\" data-end=\"2158\">traducci\u00f3n jurada<\/strong> se realiza cumpliendo estrictamente los requisitos legales franceses e internacionales, y es aceptada por las autoridades competentes.<\/span><\/p>\n<p data-start=\"2295\" data-end=\"2486\"><span style=\"font-size: 14pt; color: #000080;\"><strong data-start=\"2295\" data-end=\"2335\"><span style=\"color: #ff0000;\">\u2022<\/span> Confidencialidad y profesionalidad<\/strong><\/span><br data-start=\"2335\" data-end=\"2338\" \/><span style=\"font-size: 14pt; color: #000080;\">Tus documentos oficiales se tratan con la m\u00e1xima discreci\u00f3n, respetando el <strong data-start=\"2413\" data-end=\"2436\">secreto profesional<\/strong> y la normativa de <strong data-start=\"2455\" data-end=\"2485\">protecci\u00f3n de datos (RGPD)<\/strong>.<\/span><\/p>\n<p data-start=\"2488\" data-end=\"2646\"><span style=\"font-size: 14pt; color: #000080;\"><strong data-start=\"2488\" data-end=\"2526\"><span style=\"color: #ff0000;\">\u2022<\/span> Rapidez y cumplimiento de plazos<\/strong><\/span><br data-start=\"2526\" data-end=\"2529\" \/><span style=\"font-size: 14pt; color: #000080;\">Un servicio <strong data-start=\"2541\" data-end=\"2560\">r\u00e1pido y fiable<\/strong>, incluso para <strong data-start=\"2575\" data-end=\"2608\">traducciones juradas urgentes<\/strong>, con <strong data-start=\"2614\" data-end=\"2645\">plazos claramente definidos<\/strong>.<\/span><\/p>\n<p><span style=\"font-size: 14pt; color: #000080;\"><strong>\u00a1Cont\u00e1ctame hoy mismo para solicitar un presupuesto personalizado!<\/strong><\/span>[\/vc_column_text][\/vc_column][\/vc_row][vc_row top=&#8221;32px&#8221;][vc_column width=&#8221;1\/3&#8243;][\/vc_column][vc_column width=&#8221;1\/3&#8243;][vc_button title=&#8221;COTIZACI\u00d3N&#8221; button_width=&#8221;btn_fw&#8221; size=&#8221;btn-medium&#8221; button_style=&#8221;minimal_style&#8221; link=&#8221;url:https%3A%2F%2Ftrades.fr%2Fes%2Fdevis%2F&#8221;][\/vc_column][vc_column width=&#8221;1\/3&#8243;][\/vc_column][\/vc_row]<\/p>\n","protected":false},"excerpt":{"rendered":"<p>[vc_row top=&#8221;460px&#8221; bottom=&#8221;140px&#8221; textalign=&#8221;center&#8221; bg_type=&#8221;image&#8221; parallax_bg=&#8221;parallax-bg&#8221; scale_bg=&#8221;scale-bg&#8221; bg_cover=&#8221;cover&#8221; bg_repeat=&#8221;no-repeat&#8221; bg_position=&#8221;Center center&#8221; bg_attachment=&#8221;fixed&#8221; slope_bottom=&#8221;slope-bottom&#8221; slope_bottom_height=&#8221;10px&#8221; bg_image=&#8221;5788&#8243; row_seperator=&#8221;no-seperator&#8221; font_color=&#8221;#ffffff&#8221; bg_color=&#8221;rgba(6,5,18,0.65)&#8221; slope_bottom_color=&#8221;#de324d&#8221; overlay_color=&#8221;rgba(6,5,18,0.65)&#8221;][vc_column][\/vc_column][\/vc_row][vc_row top=&#8221;32px&#8221; bottom=&#8221;32px&#8221; textalign=&#8221;center&#8221; overlay_pattern=&#8221;diagonal_left_w&#8221; row_seperator=&#8221;no-seperator&#8221; font_color=&#8221;#ffffff&#8221; bg_color=&#8221;#de324d&#8221;][vc_column][vc_heading title=&#8221;\u00bfQui\u00e9n soy?&#8221; title_color=&#8221;#ffffff&#8221; subtitle=&#8221;Traductor jurado franc\u00e9s \u2013 espa\u00f1ol \u2013 ingl\u00e9s&#8221; subtitle_color=&#8221;#ffffff&#8221; divider=&#8221;div-between&#8221; divider_type=&#8221;tilt&#8221; divider_color=&#8221;#ffffff&#8221; css_animation=&#8221;bottom-to-top&#8221;][\/vc_column][\/vc_row][vc_row top=&#8221;40px&#8221; bottom=&#8221;0px&#8221; row_seperator=&#8221;no-seperator&#8221; font_color=&#8221;#696969&#8243;][vc_column width=&#8221;1\/3&#8243;][vc_empty_space height=&#8221;70px&#8221;][vc_magic_image image=&#8221;6489&#8243; alignment=&#8221;center&#8221; shadow=&#8221;img_shadow_m&#8221; css_animation=&#8221;left-to-right&#8221; img_size=&#8221;full&#8221;][vc_empty_space height=&#8221;70px&#8221;][vc_magic_image image=&#8221;6488&#8243; alignment=&#8221;center&#8221; shadow=&#8221;img_shadow_m&#8221; css_animation=&#8221;left-to-right&#8221; img_size=&#8221;full&#8221;][vc_empty_space height=&#8221;70px&#8221;][\/vc_column][vc_column width=&#8221;2\/3&#8243;][vc_column_text]Triple certificaci\u00f3n oficial &#8211;\u00a0 Francia y Espa\u00f1a Soy Karina RAMIREZ, traductora-int\u00e9rprete jurada, y ejerzo como&#8230;  <\/p>\n<div class=\"read-more\"><a class=\"excerpt-read-more\" href=\"https:\/\/trades.fr\/es\/qui-suis-je\/\" title=\"Continue reading Qui suis-je ?\">Read more<i class=\"fa fa-angle-right\"><\/i><\/a><\/div>\n","protected":false},"author":1,"featured_media":0,"parent":0,"menu_order":0,"comment_status":"open","ping_status":"open","template":"page-full-width.php","meta":{"footnotes":""},"class_list":["post-9","page","type-page","status-publish","hentry"],"translation":{"provider":"WPGlobus","version":"3.0.1","language":"es","enabled_languages":["fr","en","es"],"languages":{"fr":{"title":true,"content":true,"excerpt":false},"en":{"title":false,"content":true,"excerpt":false},"es":{"title":false,"content":true,"excerpt":false}}},"aioseo_notices":[],"_links":{"self":[{"href":"https:\/\/trades.fr\/es\/wp-json\/wp\/v2\/pages\/9","targetHints":{"allow":["GET"]}}],"collection":[{"href":"https:\/\/trades.fr\/es\/wp-json\/wp\/v2\/pages"}],"about":[{"href":"https:\/\/trades.fr\/es\/wp-json\/wp\/v2\/types\/page"}],"author":[{"embeddable":true,"href":"https:\/\/trades.fr\/es\/wp-json\/wp\/v2\/users\/1"}],"replies":[{"embeddable":true,"href":"https:\/\/trades.fr\/es\/wp-json\/wp\/v2\/comments?post=9"}],"version-history":[{"count":105,"href":"https:\/\/trades.fr\/es\/wp-json\/wp\/v2\/pages\/9\/revisions"}],"predecessor-version":[{"id":6547,"href":"https:\/\/trades.fr\/es\/wp-json\/wp\/v2\/pages\/9\/revisions\/6547"}],"wp:attachment":[{"href":"https:\/\/trades.fr\/es\/wp-json\/wp\/v2\/media?parent=9"}],"curies":[{"name":"wp","href":"https:\/\/api.w.org\/{rel}","templated":true}]}}